{"id":635,"date":"2025-05-23T20:16:44","date_gmt":"2025-05-23T20:16:44","guid":{"rendered":"https:\/\/kingslane.nl\/?page_id=635"},"modified":"2025-05-25T12:17:50","modified_gmt":"2025-05-25T12:17:50","slug":"tekst-design-your-own","status":"publish","type":"page","link":"https:\/\/kingslane.nl\/eng\/tekst-design-your-own\/","title":{"rendered":"Tekst Design your own"},"content":{"rendered":"<div data-elementor-type=\"wp-page\" data-elementor-id=\"635\" class=\"elementor elementor-635\" data-elementor-post-type=\"page\">\n\t\t\t\t<div class=\"elementor-element elementor-element-2610765 e-flex e-con-boxed e-con e-parent\" data-id=\"2610765\" data-element_type=\"container\">\n\t\t\t\t\t<div class=\"e-con-inner\">\n\t\t\t\t<div class=\"elementor-element elementor-element-babea56 elementor-widget elementor-widget-spacer\" data-id=\"babea56\" data-element_type=\"widget\" data-widget_type=\"spacer.default\">\n\t\t\t\t<div class=\"elementor-widget-container\">\n\t\t\t\t\t\t\t<div class=\"elementor-spacer\">\n\t\t\t<div class=\"elementor-spacer-inner\"><\/div>\n\t\t<\/div>\n\t\t\t\t\t\t<\/div>\n\t\t\t\t<\/div>\n\t\t\t\t<div class=\"elementor-element elementor-element-5351ef9 elementor-widget elementor-widget-heading\" data-id=\"5351ef9\" data-element_type=\"widget\" data-widget_type=\"heading.default\">\n\t\t\t\t<div class=\"elementor-widget-container\">\n\t\t\t\t\t<h1 class=\"elementor-heading-title elementor-size-default\">design your own<\/h1>\t\t\t\t<\/div>\n\t\t\t\t<\/div>\n\t\t\t\t<div class=\"elementor-element elementor-element-2a37a98 elementor-widget elementor-widget-text-editor\" data-id=\"2a37a98\" data-element_type=\"widget\" data-widget_type=\"text-editor.default\">\n\t\t\t\t<div class=\"elementor-widget-container\">\n\t\t\t\t\t\t\t\t\t<p>Your home begins as a blank canvas - a space without boundaries that can be tailored to your every wish. Every detail is up to you, from layout to finishes.<\/p>\n<p>The impressions on this website show only a glimpse of the myriad possibilities. They were designed by interior designer Alessia Mainardi, with a particular focus on style, functionality and sophistication. Alessia and her team can manage every aspect of the interior design project, from concept to completion, creating a carefully curated home that reflects exactly who you are.<\/p>\t\t\t\t\t\t\t\t<\/div>\n\t\t\t\t<\/div>\n\t\t\t\t\t<\/div>\n\t\t\t\t<\/div>\n\t\t<div class=\"elementor-element elementor-element-3dd5167 e-flex e-con-boxed e-con e-parent\" data-id=\"3dd5167\" data-element_type=\"container\">\n\t\t\t\t\t<div class=\"e-con-inner\">\n\t\t<div class=\"elementor-element elementor-element-3432e84 e-con-full e-flex e-con e-child\" data-id=\"3432e84\" data-element_type=\"container\">\n\t\t\t\t<div class=\"elementor-element elementor-element-ad119d4 elementor-widget elementor-widget-image\" data-id=\"ad119d4\" data-element_type=\"widget\" data-widget_type=\"image.default\">\n\t\t\t\t<div class=\"elementor-widget-container\">\n\t\t\t\t\t\t\t\t\t\t\t\t\t\t\t<img fetchpriority=\"high\" decoding=\"async\" width=\"800\" height=\"920\" src=\"https:\/\/kingslane.nl\/wp-content\/uploads\/2025\/05\/bathroom-890x1024.jpg\" class=\"attachment-large size-large wp-image-726\" alt=\"\" srcset=\"https:\/\/kingslane.nl\/wp-content\/uploads\/2025\/05\/bathroom-890x1024.jpg 890w, https:\/\/kingslane.nl\/wp-content\/uploads\/2025\/05\/bathroom-261x300.jpg 261w, https:\/\/kingslane.nl\/wp-content\/uploads\/2025\/05\/bathroom-768x884.jpg 768w, https:\/\/kingslane.nl\/wp-content\/uploads\/2025\/05\/bathroom-1334x1536.jpg 1334w, https:\/\/kingslane.nl\/wp-content\/uploads\/2025\/05\/bathroom.jpg 1779w\" sizes=\"(max-width: 800px) 100vw, 800px\" \/>\t\t\t\t\t\t\t\t\t\t\t\t\t\t\t<\/div>\n\t\t\t\t<\/div>\n\t\t\t\t<\/div>\n\t\t<div class=\"elementor-element elementor-element-39b43e8 e-con-full e-flex e-con e-child\" data-id=\"39b43e8\" data-element_type=\"container\">\n\t\t\t\t<div class=\"elementor-element elementor-element-3b8bf7f elementor-widget elementor-widget-image\" data-id=\"3b8bf7f\" data-element_type=\"widget\" data-widget_type=\"image.default\">\n\t\t\t\t<div class=\"elementor-widget-container\">\n\t\t\t\t\t\t\t\t\t\t\t\t\t\t\t<img decoding=\"async\" width=\"781\" height=\"1024\" src=\"https:\/\/kingslane.nl\/wp-content\/uploads\/2025\/05\/Alessia_zw-781x1024.jpg\" class=\"attachment-large size-large wp-image-638\" alt=\"\" srcset=\"https:\/\/kingslane.nl\/wp-content\/uploads\/2025\/05\/Alessia_zw-781x1024.jpg 781w, https:\/\/kingslane.nl\/wp-content\/uploads\/2025\/05\/Alessia_zw-229x300.jpg 229w, https:\/\/kingslane.nl\/wp-content\/uploads\/2025\/05\/Alessia_zw-768x1007.jpg 768w, https:\/\/kingslane.nl\/wp-content\/uploads\/2025\/05\/Alessia_zw.jpg 1136w\" sizes=\"(max-width: 781px) 100vw, 781px\" \/>\t\t\t\t\t\t\t\t\t\t\t\t\t\t\t<\/div>\n\t\t\t\t<\/div>\n\t\t\t\t<\/div>\n\t\t\t\t\t<\/div>\n\t\t\t\t<\/div>\n\t\t<div class=\"elementor-element elementor-element-4e458c8 e-flex e-con-boxed e-con e-parent\" data-id=\"4e458c8\" data-element_type=\"container\">\n\t\t\t\t\t<div class=\"e-con-inner\">\n\t\t\t\t<div class=\"elementor-element elementor-element-420dafc elementor-widget elementor-widget-text-editor\" data-id=\"420dafc\" data-element_type=\"widget\" data-widget_type=\"text-editor.default\">\n\t\t\t\t<div class=\"elementor-widget-container\">\n\t\t\t\t\t\t\t\t\t<p>Alessia Mainardi is widely known for her unique custom interiors, and her ability to combine Italian design and vintage visuals makes her one of the most in-demand interior designers in London and internationally.<\/p>\t\t\t\t\t\t\t\t<\/div>\n\t\t\t\t<\/div>\n\t\t\t\t<div class=\"elementor-element elementor-element-8d22678 elementor-widget elementor-widget-heading\" data-id=\"8d22678\" data-element_type=\"widget\" data-widget_type=\"heading.default\">\n\t\t\t\t<div class=\"elementor-widget-container\">\n\t\t\t\t\t<h3 class=\"elementor-heading-title elementor-size-default\">\"My clients are my greatest source of inspiration. I work with clients all over the world and always try to combine my knowledge and personal style with their philosophy and aesthetics.\"<\/h3>\t\t\t\t<\/div>\n\t\t\t\t<\/div>\n\t\t\t\t<div class=\"elementor-element elementor-element-8157a08 elementor-widget elementor-widget-heading\" data-id=\"8157a08\" data-element_type=\"widget\" data-widget_type=\"heading.default\">\n\t\t\t\t<div class=\"elementor-widget-container\">\n\t\t\t\t\t<h5 class=\"elementor-heading-title elementor-size-default\">ALESSIA MAINARDI<\/h5>\t\t\t\t<\/div>\n\t\t\t\t<\/div>\n\t\t\t\t<div class=\"elementor-element elementor-element-bf167d6 elementor-widget elementor-widget-heading\" data-id=\"bf167d6\" data-element_type=\"widget\" data-widget_type=\"heading.default\">\n\t\t\t\t<div class=\"elementor-widget-container\">\n\t\t\t\t\t<h6 class=\"elementor-heading-title elementor-size-default\">INTERIOR DESIGNER, ALESSIA MAINARDI INTERIORS<\/h6>\t\t\t\t<\/div>\n\t\t\t\t<\/div>\n\t\t\t\t\t<\/div>\n\t\t\t\t<\/div>\n\t\t<div class=\"elementor-element elementor-element-9931136 e-flex e-con-boxed e-con e-parent\" data-id=\"9931136\" data-element_type=\"container\" data-settings=\"{&quot;background_background&quot;:&quot;classic&quot;,&quot;background_motion_fx_motion_fx_scrolling&quot;:&quot;yes&quot;,&quot;background_motion_fx_scale_effect&quot;:&quot;yes&quot;,&quot;background_motion_fx_scale_direction&quot;:&quot;in-out&quot;,&quot;background_motion_fx_scale_speed&quot;:{&quot;unit&quot;:&quot;px&quot;,&quot;size&quot;:2,&quot;sizes&quot;:[]},&quot;background_motion_fx_scale_range&quot;:{&quot;unit&quot;:&quot;%&quot;,&quot;size&quot;:&quot;&quot;,&quot;sizes&quot;:{&quot;start&quot;:20,&quot;end&quot;:80}},&quot;background_motion_fx_devices&quot;:[&quot;desktop&quot;,&quot;tablet&quot;,&quot;mobile&quot;]}\">\n\t\t\t\t\t<div class=\"e-con-inner\">\n\t\t<div class=\"elementor-element elementor-element-f3c98a1 e-flex e-con-boxed e-con e-child\" data-id=\"f3c98a1\" data-element_type=\"container\">\n\t\t\t\t\t<div class=\"e-con-inner\">\n\t\t\t\t<div class=\"elementor-element elementor-element-4ce1f04 elementor-widget elementor-widget-spacer\" data-id=\"4ce1f04\" data-element_type=\"widget\" data-widget_type=\"spacer.default\">\n\t\t\t\t<div class=\"elementor-widget-container\">\n\t\t\t\t\t\t\t<div class=\"elementor-spacer\">\n\t\t\t<div class=\"elementor-spacer-inner\"><\/div>\n\t\t<\/div>\n\t\t\t\t\t\t<\/div>\n\t\t\t\t<\/div>\n\t\t\t\t\t<\/div>\n\t\t\t\t<\/div>\n\t\t\t\t\t<\/div>\n\t\t\t\t<\/div>\n\t\t\t\t<\/div>","protected":false},"excerpt":{"rendered":"<p>design your own Uw woning begint als een leeg canvas \u2013 een ruimte zonder grenzen, volledig naar eigen wens in te delen. Van indeling tot afwerking: elk detail is aan u. De impressies op deze website laten, ter inspiratie, een aantal mogel\u0133kheden zien. Ze z\u0133n ontworpen door interieurarchitect Alessia Mainardi, met oog voor st\u0133l, functionaliteit [&hellip;]<\/p>","protected":false},"author":1,"featured_media":0,"parent":0,"menu_order":0,"comment_status":"closed","ping_status":"closed","template":"elementor_header_footer","meta":{"footnotes":""},"class_list":["post-635","page","type-page","status-publish","hentry"],"yoast_head":"<!-- This site is optimized with the Yoast SEO plugin v25.1 - https:\/\/yoast.com\/wordpress\/plugins\/seo\/ -->\n<title>Tekst Design your own - Kings\/Lane<\/title>\n<meta name=\"robots\" content=\"index, follow, max-snippet:-1, max-image-preview:large, max-video-preview:-1\" \/>\n<link rel=\"canonical\" href=\"https:\/\/kingslane.nl\/eng\/tekst-design-your-own\/\" \/>\n<meta property=\"og:locale\" content=\"en_US\" \/>\n<meta property=\"og:type\" content=\"article\" \/>\n<meta property=\"og:title\" content=\"Tekst Design your own - Kings\/Lane\" \/>\n<meta property=\"og:description\" content=\"design your own Uw woning begint als een leeg canvas \u2013 een ruimte zonder grenzen, volledig naar eigen wens in te delen. Van indeling tot afwerking: elk detail is aan u. De impressies op deze website laten, ter inspiratie, een aantal mogel\u0133kheden zien. Ze z\u0133n ontworpen door interieurarchitect Alessia Mainardi, met oog voor st\u0133l, functionaliteit [&hellip;]\" \/>\n<meta property=\"og:url\" content=\"https:\/\/kingslane.nl\/eng\/tekst-design-your-own\/\" \/>\n<meta property=\"og:site_name\" content=\"Kings\/Lane\" \/>\n<meta property=\"article:modified_time\" content=\"2025-05-25T12:17:50+00:00\" \/>\n<meta property=\"og:image\" content=\"https:\/\/kingslane.nl\/wp-content\/uploads\/2025\/05\/bathroom-890x1024.jpg\" \/>\n<meta name=\"twitter:card\" content=\"summary_large_image\" \/>\n<meta name=\"twitter:label1\" content=\"Est. reading time\" \/>\n\t<meta name=\"twitter:data1\" content=\"2 minutes\" \/>\n<script type=\"application\/ld+json\" class=\"yoast-schema-graph\">{\"@context\":\"https:\/\/schema.org\",\"@graph\":[{\"@type\":\"WebPage\",\"@id\":\"https:\/\/kingslane.nl\/tekst-design-your-own\/\",\"url\":\"https:\/\/kingslane.nl\/tekst-design-your-own\/\",\"name\":\"Tekst Design your own - Kings\/Lane\",\"isPartOf\":{\"@id\":\"https:\/\/kingslane.nl\/#website\"},\"primaryImageOfPage\":{\"@id\":\"https:\/\/kingslane.nl\/tekst-design-your-own\/#primaryimage\"},\"image\":{\"@id\":\"https:\/\/kingslane.nl\/tekst-design-your-own\/#primaryimage\"},\"thumbnailUrl\":\"https:\/\/kingslane.nl\/wp-content\/uploads\/2025\/05\/bathroom-890x1024.jpg\",\"datePublished\":\"2025-05-23T20:16:44+00:00\",\"dateModified\":\"2025-05-25T12:17:50+00:00\",\"breadcrumb\":{\"@id\":\"https:\/\/kingslane.nl\/tekst-design-your-own\/#breadcrumb\"},\"inLanguage\":\"en-US\",\"potentialAction\":[{\"@type\":\"ReadAction\",\"target\":[\"https:\/\/kingslane.nl\/tekst-design-your-own\/\"]}]},{\"@type\":\"ImageObject\",\"inLanguage\":\"en-US\",\"@id\":\"https:\/\/kingslane.nl\/tekst-design-your-own\/#primaryimage\",\"url\":\"https:\/\/kingslane.nl\/wp-content\/uploads\/2025\/05\/bathroom-890x1024.jpg\",\"contentUrl\":\"https:\/\/kingslane.nl\/wp-content\/uploads\/2025\/05\/bathroom-890x1024.jpg\"},{\"@type\":\"BreadcrumbList\",\"@id\":\"https:\/\/kingslane.nl\/tekst-design-your-own\/#breadcrumb\",\"itemListElement\":[{\"@type\":\"ListItem\",\"position\":1,\"name\":\"Home\",\"item\":\"https:\/\/kingslane.nl\/\"},{\"@type\":\"ListItem\",\"position\":2,\"name\":\"Tekst Design your own\"}]},{\"@type\":\"WebSite\",\"@id\":\"https:\/\/kingslane.nl\/#website\",\"url\":\"https:\/\/kingslane.nl\/\",\"name\":\"Kings\/Lane Topfloors\",\"description\":\"Architectuure\",\"publisher\":{\"@id\":\"https:\/\/kingslane.nl\/#organization\"},\"potentialAction\":[{\"@type\":\"SearchAction\",\"target\":{\"@type\":\"EntryPoint\",\"urlTemplate\":\"https:\/\/kingslane.nl\/?s={search_term_string}\"},\"query-input\":{\"@type\":\"PropertyValueSpecification\",\"valueRequired\":true,\"valueName\":\"search_term_string\"}}],\"inLanguage\":\"en-US\"},{\"@type\":\"Organization\",\"@id\":\"https:\/\/kingslane.nl\/#organization\",\"name\":\"Kings\/Lane topfloors\",\"url\":\"https:\/\/kingslane.nl\/\",\"logo\":{\"@type\":\"ImageObject\",\"inLanguage\":\"en-US\",\"@id\":\"https:\/\/kingslane.nl\/#\/schema\/logo\/image\/\",\"url\":\"https:\/\/kingslane.nl\/wp-content\/uploads\/2025\/05\/6331ea4a54302cd860a3f15d_kingslane_logo_zwart-1.svg\",\"contentUrl\":\"https:\/\/kingslane.nl\/wp-content\/uploads\/2025\/05\/6331ea4a54302cd860a3f15d_kingslane_logo_zwart-1.svg\",\"width\":193,\"height\":22,\"caption\":\"Kings\/Lane topfloors\"},\"image\":{\"@id\":\"https:\/\/kingslane.nl\/#\/schema\/logo\/image\/\"}}]}<\/script>\n<!-- \/ Yoast SEO plugin. -->","yoast_head_json":{"title":"Tekst Design your own - Kings\/Lane","robots":{"index":"index","follow":"follow","max-snippet":"max-snippet:-1","max-image-preview":"max-image-preview:large","max-video-preview":"max-video-preview:-1"},"canonical":"https:\/\/kingslane.nl\/eng\/tekst-design-your-own\/","og_locale":"en_US","og_type":"article","og_title":"Tekst Design your own - Kings\/Lane","og_description":"design your own Uw woning begint als een leeg canvas \u2013 een ruimte zonder grenzen, volledig naar eigen wens in te delen. Van indeling tot afwerking: elk detail is aan u. De impressies op deze website laten, ter inspiratie, een aantal mogel\u0133kheden zien. Ze z\u0133n ontworpen door interieurarchitect Alessia Mainardi, met oog voor st\u0133l, functionaliteit [&hellip;]","og_url":"https:\/\/kingslane.nl\/eng\/tekst-design-your-own\/","og_site_name":"Kings\/Lane","article_modified_time":"2025-05-25T12:17:50+00:00","og_image":[{"url":"https:\/\/kingslane.nl\/wp-content\/uploads\/2025\/05\/bathroom-890x1024.jpg","type":"","width":"","height":""}],"twitter_card":"summary_large_image","twitter_misc":{"Est. reading time":"2 minutes"},"schema":{"@context":"https:\/\/schema.org","@graph":[{"@type":"WebPage","@id":"https:\/\/kingslane.nl\/tekst-design-your-own\/","url":"https:\/\/kingslane.nl\/tekst-design-your-own\/","name":"Tekst Design your own - Kings\/Lane","isPartOf":{"@id":"https:\/\/kingslane.nl\/#website"},"primaryImageOfPage":{"@id":"https:\/\/kingslane.nl\/tekst-design-your-own\/#primaryimage"},"image":{"@id":"https:\/\/kingslane.nl\/tekst-design-your-own\/#primaryimage"},"thumbnailUrl":"https:\/\/kingslane.nl\/wp-content\/uploads\/2025\/05\/bathroom-890x1024.jpg","datePublished":"2025-05-23T20:16:44+00:00","dateModified":"2025-05-25T12:17:50+00:00","breadcrumb":{"@id":"https:\/\/kingslane.nl\/tekst-design-your-own\/#breadcrumb"},"inLanguage":"en-US","potentialAction":[{"@type":"ReadAction","target":["https:\/\/kingslane.nl\/tekst-design-your-own\/"]}]},{"@type":"ImageObject","inLanguage":"en-US","@id":"https:\/\/kingslane.nl\/tekst-design-your-own\/#primaryimage","url":"https:\/\/kingslane.nl\/wp-content\/uploads\/2025\/05\/bathroom-890x1024.jpg","contentUrl":"https:\/\/kingslane.nl\/wp-content\/uploads\/2025\/05\/bathroom-890x1024.jpg"},{"@type":"BreadcrumbList","@id":"https:\/\/kingslane.nl\/tekst-design-your-own\/#breadcrumb","itemListElement":[{"@type":"ListItem","position":1,"name":"Home","item":"https:\/\/kingslane.nl\/"},{"@type":"ListItem","position":2,"name":"Tekst Design your own"}]},{"@type":"WebSite","@id":"https:\/\/kingslane.nl\/#website","url":"https:\/\/kingslane.nl\/","name":"Kings\/Lane Topfloors","description":"Architectuure","publisher":{"@id":"https:\/\/kingslane.nl\/#organization"},"potentialAction":[{"@type":"SearchAction","target":{"@type":"EntryPoint","urlTemplate":"https:\/\/kingslane.nl\/?s={search_term_string}"},"query-input":{"@type":"PropertyValueSpecification","valueRequired":true,"valueName":"search_term_string"}}],"inLanguage":"en-US"},{"@type":"Organization","@id":"https:\/\/kingslane.nl\/#organization","name":"Kings\/Lane topfloors","url":"https:\/\/kingslane.nl\/","logo":{"@type":"ImageObject","inLanguage":"en-US","@id":"https:\/\/kingslane.nl\/#\/schema\/logo\/image\/","url":"https:\/\/kingslane.nl\/wp-content\/uploads\/2025\/05\/6331ea4a54302cd860a3f15d_kingslane_logo_zwart-1.svg","contentUrl":"https:\/\/kingslane.nl\/wp-content\/uploads\/2025\/05\/6331ea4a54302cd860a3f15d_kingslane_logo_zwart-1.svg","width":193,"height":22,"caption":"Kings\/Lane topfloors"},"image":{"@id":"https:\/\/kingslane.nl\/#\/schema\/logo\/image\/"}}]}},"_links":{"self":[{"href":"https:\/\/kingslane.nl\/eng\/wp-json\/wp\/v2\/pages\/635","targetHints":{"allow":["GET"]}}],"collection":[{"href":"https:\/\/kingslane.nl\/eng\/wp-json\/wp\/v2\/pages"}],"about":[{"href":"https:\/\/kingslane.nl\/eng\/wp-json\/wp\/v2\/types\/page"}],"author":[{"embeddable":true,"href":"https:\/\/kingslane.nl\/eng\/wp-json\/wp\/v2\/users\/1"}],"replies":[{"embeddable":true,"href":"https:\/\/kingslane.nl\/eng\/wp-json\/wp\/v2\/comments?post=635"}],"version-history":[{"count":22,"href":"https:\/\/kingslane.nl\/eng\/wp-json\/wp\/v2\/pages\/635\/revisions"}],"predecessor-version":[{"id":729,"href":"https:\/\/kingslane.nl\/eng\/wp-json\/wp\/v2\/pages\/635\/revisions\/729"}],"wp:attachment":[{"href":"https:\/\/kingslane.nl\/eng\/wp-json\/wp\/v2\/media?parent=635"}],"curies":[{"name":"wp","href":"https:\/\/api.w.org\/{rel}","templated":true}]}}